{"id":800,"date":"2021-04-26T15:14:45","date_gmt":"2021-04-26T12:14:45","guid":{"rendered":"https:\/\/cafealbert.fi\/wp\/?page_id=800"},"modified":"2025-10-27T12:47:12","modified_gmt":"2025-10-27T10:47:12","slug":"ungdomscafeet","status":"publish","type":"page","link":"https:\/\/cafealbert.fi\/wp\/ungdomscafeet\/","title":{"rendered":"Ungdomscaf\u00e9et"},"content":{"rendered":"<div data-colibri-id=\"800-c1\" class=\"style-411 style-local-800-c1 position-relative\">\n  <!---->\n  <div data-colibri-component=\"section\" data-colibri-id=\"800-c2\" id=\"custom\" class=\"h-section h-section-global-spacing d-flex align-items-lg-center align-items-md-center align-items-center style-613 style-local-800-c2 position-relative\">\n    <!---->\n    <!---->\n    <div class=\"h-section-grid-container h-section-boxed-container\">\n      <!---->\n      <div data-colibri-id=\"800-c3\" class=\"h-row-container gutters-row-lg-2 gutters-row-md-2 gutters-row-0 gutters-row-v-lg-2 gutters-row-v-md-2 gutters-row-v-2 style-729 style-local-800-c3 position-relative\">\n        <!---->\n        <div class=\"h-row justify-content-lg-center justify-content-md-center justify-content-center align-items-lg-stretch align-items-md-stretch align-items-stretch gutters-col-lg-2 gutters-col-md-2 gutters-col-0 gutters-col-v-lg-2 gutters-col-v-md-2 gutters-col-v-2\">\n          <!---->\n          <div class=\"h-column h-column-container d-flex h-col-lg-auto h-col-md-auto h-col-auto style-730-outer style-local-800-c4-outer\">\n            <div data-colibri-id=\"800-c4\" class=\"d-flex h-flex-basis h-column__inner h-px-lg-2 h-px-md-2 h-px-2 v-inner-lg-2 v-inner-md-2 v-inner-2 style-730 style-local-800-c4 position-relative\">\n              <!---->\n              <!---->\n              <div class=\"w-100 h-y-container h-column__content h-column__v-align flex-basis-100 align-self-lg-start align-self-md-start align-self-start\">\n                <!---->\n                <div data-colibri-id=\"800-c5\" class=\"h-text h-text-component style-732 style-local-800-c5 position-relative h-element\">\n                  <!---->\n                  <!---->\n                  <div class=\"\">\n                    <h3>Ungdomscaf\u00e9et<\/h3>\n                  <\/div>\n                <\/div>\n              <\/div>\n            <\/div>\n          <\/div>\n        <\/div>\n      <\/div>\n      <div data-colibri-id=\"800-c6\" class=\"h-row-container gutters-row-lg-2 gutters-row-md-2 gutters-row-0 gutters-row-v-lg-2 gutters-row-v-md-2 gutters-row-v-2 style-617 style-local-800-c6 position-relative\">\n        <!---->\n        <div class=\"h-row justify-content-lg-center justify-content-md-center justify-content-center align-items-lg-stretch align-items-md-stretch align-items-stretch gutters-col-lg-2 gutters-col-md-2 gutters-col-0 gutters-col-v-lg-2 gutters-col-v-md-2 gutters-col-v-2\">\n          <!---->\n          <div class=\"h-column h-column-container d-flex h-col-lg-auto h-col-md-auto h-col-auto style-618-outer style-local-800-c7-outer\">\n            <div data-colibri-id=\"800-c7\" class=\"d-flex h-flex-basis h-column__inner h-px-lg-2 h-px-md-2 h-px-2 v-inner-lg-2 v-inner-md-2 v-inner-2 style-618 style-local-800-c7 position-relative\">\n              <!---->\n              <!---->\n              <div class=\"w-100 h-y-container h-column__content h-column__v-align flex-basis-100 align-self-lg-start align-self-md-start align-self-start\">\n                <!---->\n                <div data-colibri-id=\"800-c8\" class=\"h-text h-text-component style-619 style-local-800-c8 position-relative h-element\">\n                  <!---->\n                  <!---->\n                  <div class=\"\">\n                    <p>Caf\u00e9 Alberts huvudsakliga m\u00e5lgrupp \u00e4r unga i \u00e5ldern 12 &#8211; 17 \u00e5r. P\u00e5 Caf\u00e9 Albert vill vi att v\u00e5ra bes\u00f6kare ska f\u00e5 uppleva en kravl\u00f6s samvaro med m\u00f6jligheter att vara kreativ n\u00e4r lusten faller p\u00e5. Material f\u00f6r pyssel, konst och massor\n                      med spel finns l\u00e4tt tillg\u00e4ngligt.&nbsp;I k\u00f6ket \u00e4r medhj\u00e4lpare v\u00e4lkomna och ungdomarna f\u00e5r l\u00e4ra sig b\u00e5de kassa och service. I k\u00e4llarv\u00e5ningen finns en mysig soffh\u00f6rna, biljard- och pingisbord, som \u00e4r n\u00e4stan i st\u00e4ndig anv\u00e4ndning. D\u00e4r\n                      finns ocks\u00e5 ett musikutrymme som kan anv\u00e4ndas under vissa kriterier. I caf\u00e9utrymmet finns \u00e4ven en scen som kan anv\u00e4ndas f\u00f6r mindre upptr\u00e4danden.&nbsp;<\/p>\n                    <p>Vi \u00e4r noga med att po\u00e4ngtera att v\u00e5rt omr\u00e5de, b\u00e5de det yttre och det inre, ska h\u00e5llas fritt fr\u00e5n tobak och rusmedel. Vi till\u00e5ter inte heller energidrycker i v\u00e5r lokal.&nbsp;<\/p>\n                    <p>I caf\u00e9et finns m\u00f6jlighet att k\u00f6pa b\u00e5de s\u00f6tt och salt till rimliga priser.&nbsp;<\/p>\n                  <\/div>\n                <\/div>\n              <\/div>\n            <\/div>\n          <\/div>\n        <\/div>\n      <\/div>\n      <div data-colibri-id=\"800-c9\" class=\"h-row-container gutters-row-lg-2 gutters-row-md-2 gutters-row-0 gutters-row-v-lg-2 gutters-row-v-md-2 gutters-row-v-2 style-614 style-local-800-c9 position-relative\">\n        <!---->\n        <div class=\"h-row justify-content-lg-center justify-content-md-center justify-content-center align-items-lg-stretch align-items-md-stretch align-items-stretch gutters-col-lg-2 gutters-col-md-2 gutters-col-0 gutters-col-v-lg-2 gutters-col-v-md-2 gutters-col-v-2\">\n          <!---->\n          <div class=\"h-column h-column-container d-flex h-col-lg-auto h-col-md-auto h-col-auto style-615-outer style-local-800-c10-outer\">\n            <div data-colibri-id=\"800-c10\" class=\"d-flex h-flex-basis h-column__inner h-px-lg-2 h-px-md-2 h-px-2 v-inner-lg-2 v-inner-md-2 v-inner-2 style-615 style-local-800-c10 position-relative\">\n              <!---->\n              <!---->\n              <div class=\"w-100 h-y-container h-column__content h-column__v-align flex-basis-100 align-self-lg-start align-self-md-start align-self-start\">\n                <!---->\n                <div data-colibri-id=\"800-c11\" class=\"h-text h-text-component style-620 style-local-800-c11 position-relative h-element\">\n                  <!---->\n                  <!---->\n                  <div class=\"\">\n                    <h4><span style=\"font-weight: 600; font-family: &quot;Open Sans&quot;;\">\u00d6PPETTIDER<\/span><span style=\"font-weight: 300; font-family: &quot;Open Sans&quot;;\">&nbsp;<\/span>\n                      <br>\n                    <\/h4>\n                    <p>F\u00f6r \u00e5k 6 upp\u00e5t<\/p>\n                    <p>M\u00c5NDAGAR 15.00 &#8211; 20.00<\/p>\n                    <p>ONSDAGAR 15.00 &#8211; 20.00<\/p>\n                    <p>FREDAGAR 15.00 &#8211; 22.00<\/p>\n                    <p>\n                      <br>\n                    <\/p>\n                    <p>\n                      <br>\n                    <\/p>\n                  <\/div>\n                <\/div>\n              <\/div>\n            <\/div>\n          <\/div>\n          <div class=\"h-column h-column-container d-flex h-col-lg-auto h-col-md-auto h-col-auto style-615-outer style-local-800-c12-outer\">\n            <div data-colibri-id=\"800-c12\" class=\"d-flex h-flex-basis h-column__inner h-ui-empty-state-container h-px-lg-2 h-px-md-2 h-px-2 v-inner-lg-2 v-inner-md-2 v-inner-2 style-615 style-local-800-c12 position-relative\">\n              <!---->\n              <!---->\n              <div class=\"w-100 h-y-container h-column__content h-column__v-align flex-basis-100\">\n                <!---->\n              <\/div>\n            <\/div>\n          <\/div>\n        <\/div>\n      <\/div>\n    <\/div>\n  <\/div>\n<\/div>","protected":false},"excerpt":{"rendered":"<p>Ungdomscaf\u00e9et Caf\u00e9 Alberts huvudsakliga m\u00e5lgrupp \u00e4r unga i \u00e5ldern 12 &#8211; 17 \u00e5r. P\u00e5 Caf\u00e9 Albert vill vi att v\u00e5ra bes\u00f6kare ska f\u00e5 uppleva en kravl\u00f6s samvaro med m\u00f6jligheter att vara kreativ n\u00e4r lusten faller p\u00e5. Material f\u00f6r pyssel, konst och massor med spel finns l\u00e4tt tillg\u00e4ngligt.&nbsp;I k\u00f6ket \u00e4r medhj\u00e4lpare v\u00e4lkomna och ungdomarna f\u00e5r l\u00e4ra [&hellip;]<\/p>\n","protected":false},"author":1,"featured_media":0,"parent":0,"menu_order":0,"comment_status":"closed","ping_status":"closed","template":"page-templates\/full-width-page.php","meta":[],"_links":{"self":[{"href":"https:\/\/cafealbert.fi\/wp\/wp-json\/wp\/v2\/pages\/800"}],"collection":[{"href":"https:\/\/cafealbert.fi\/wp\/wp-json\/wp\/v2\/pages"}],"about":[{"href":"https:\/\/cafealbert.fi\/wp\/wp-json\/wp\/v2\/types\/page"}],"author":[{"embeddable":true,"href":"https:\/\/cafealbert.fi\/wp\/wp-json\/wp\/v2\/users\/1"}],"replies":[{"embeddable":true,"href":"https:\/\/cafealbert.fi\/wp\/wp-json\/wp\/v2\/comments?post=800"}],"version-history":[{"count":20,"href":"https:\/\/cafealbert.fi\/wp\/wp-json\/wp\/v2\/pages\/800\/revisions"}],"predecessor-version":[{"id":2916,"href":"https:\/\/cafealbert.fi\/wp\/wp-json\/wp\/v2\/pages\/800\/revisions\/2916"}],"wp:attachment":[{"href":"https:\/\/cafealbert.fi\/wp\/wp-json\/wp\/v2\/media?parent=800"}],"curies":[{"name":"wp","href":"https:\/\/api.w.org\/{rel}","templated":true}]}}